{"id":8,"date":"2020-09-19T11:09:54","date_gmt":"2020-09-19T09:09:54","guid":{"rendered":"https:\/\/petelementu.cz\/?page_id=8"},"modified":"2022-10-26T15:49:41","modified_gmt":"2022-10-26T13:49:41","slug":"homepage","status":"publish","type":"page","link":"https:\/\/petelementu.cz\/","title":{"rendered":"Homepage"},"content":{"rendered":"\n<figure class=\"wp-block-image size-full mobile-crop homepage-featured\"><img loading=\"lazy\" decoding=\"async\" width=\"1320\" height=\"887\" src=\"https:\/\/petelementu.cz\/wp-content\/uploads\/2020\/09\/homepage.jpg\" alt=\"\" class=\"wp-image-109\" srcset=\"https:\/\/petelementu.cz\/wp-content\/uploads\/2020\/09\/homepage.jpg 1320w, https:\/\/petelementu.cz\/wp-content\/uploads\/2020\/09\/homepage-300x202.jpg 300w, https:\/\/petelementu.cz\/wp-content\/uploads\/2020\/09\/homepage-768x516.jpg 768w, https:\/\/petelementu.cz\/wp-content\/uploads\/2020\/09\/homepage-1024x688.jpg 1024w\" sizes=\"auto, (max-width: 1320px) 100vw, 1320px\" \/><\/figure>\n\n\n\n<h2 class=\"has-text-align-center wp-block-heading\">Silvia Bazalov\u00e1<\/h2>\n\n\n\n<p>Medic\u00ednu jsem si vybrala jako celo\u017eivotn\u00ed povol\u00e1n\u00ed a posl\u00e1n\u00ed. Praxe modern\u00ed medic\u00edny, konkr\u00e9tn\u011b o\u010dn\u00edho l\u00e9ka\u0159stv\u00ed mne dovedla k pozn\u00e1n\u00ed, \u017ee p\u0159i dlouhodob\u00fdch onemocn\u011bn\u00edch nesta\u010d\u00ed jen potla\u010dovat nep\u0159\u00edjemn\u00e9 p\u0159\u00edznaky, ale tak\u00e9 p\u00e1trat po hlub\u0161\u00ed p\u0159\u00ed\u010din\u011b obt\u00ed\u017e\u00ed a pom\u00e1hat t\u011blu jako celku. Jen t\u00edmto zp\u016fsobem je mo\u017eno dos\u00e1hnout celkov\u00e9ho zlep\u0161en\u00ed zdrav\u00ed a zabr\u00e1nit, aby se pot\u00ed\u017ee vraceli. Hled\u00e1n\u00ed mo\u017enost\u00ed, jak celkov\u011b pos\u00edlit organismus a p\u0159iv\u00e9st ho na zdrav\u011bj\u0161\u00ed cestu, mne dovedlo ke studiu a praktikov\u00e1n\u00ed tradi\u010dn\u00ed \u010d\u00ednsk\u00e9 medic\u00edny.<\/p>\n\n\n\n<figure class=\"wp-block-image size-full mobile-crop mobile-full-width gallery-first\"><img loading=\"lazy\" decoding=\"async\" width=\"1320\" height=\"810\" src=\"https:\/\/petelementu.cz\/wp-content\/uploads\/2020\/09\/1.jpg\" alt=\"\" class=\"wp-image-9\" srcset=\"https:\/\/petelementu.cz\/wp-content\/uploads\/2020\/09\/1.jpg 1320w, https:\/\/petelementu.cz\/wp-content\/uploads\/2020\/09\/1-300x184.jpg 300w, https:\/\/petelementu.cz\/wp-content\/uploads\/2020\/09\/1-768x471.jpg 768w, https:\/\/petelementu.cz\/wp-content\/uploads\/2020\/09\/1-1024x628.jpg 1024w\" sizes=\"auto, (max-width: 1320px) 100vw, 1320px\" \/><\/figure>\n\n\n\n<div class=\"wp-block-columns full-width is-layout-flex wp-container-core-columns-is-layout-9d6595d7 wp-block-columns-is-layout-flex\">\n<div class=\"wp-block-column is-layout-flow wp-block-column-is-layout-flow\">\n<figure class=\"wp-block-image size-full\"><img loading=\"lazy\" decoding=\"async\" width=\"642\" height=\"642\" src=\"https:\/\/petelementu.cz\/wp-content\/uploads\/2020\/09\/2.jpg\" alt=\"\" class=\"wp-image-10\" srcset=\"https:\/\/petelementu.cz\/wp-content\/uploads\/2020\/09\/2.jpg 642w, https:\/\/petelementu.cz\/wp-content\/uploads\/2020\/09\/2-300x300.jpg 300w, https:\/\/petelementu.cz\/wp-content\/uploads\/2020\/09\/2-150x150.jpg 150w, https:\/\/petelementu.cz\/wp-content\/uploads\/2020\/09\/2-303x303.jpg 303w\" sizes=\"auto, (max-width: 642px) 100vw, 642px\" \/><\/figure>\n<\/div>\n\n\n\n<div class=\"wp-block-column is-layout-flow wp-block-column-is-layout-flow\">\n<figure class=\"wp-block-image size-full\"><img loading=\"lazy\" decoding=\"async\" width=\"642\" height=\"642\" src=\"https:\/\/petelementu.cz\/wp-content\/uploads\/2020\/09\/3.jpg\" alt=\"\" class=\"wp-image-11\" srcset=\"https:\/\/petelementu.cz\/wp-content\/uploads\/2020\/09\/3.jpg 642w, https:\/\/petelementu.cz\/wp-content\/uploads\/2020\/09\/3-300x300.jpg 300w, https:\/\/petelementu.cz\/wp-content\/uploads\/2020\/09\/3-150x150.jpg 150w, https:\/\/petelementu.cz\/wp-content\/uploads\/2020\/09\/3-303x303.jpg 303w\" sizes=\"auto, (max-width: 642px) 100vw, 642px\" \/><\/figure>\n<\/div>\n<\/div>\n\n\n\n<h2 class=\"has-text-align-center wp-block-heading\">Prostor<\/h2>\n\n\n\n<p>M\u00e9 studio se nach\u00e1z\u00ed v podkrov\u00ed historick\u00e9 budovy, v centru Brna. Je zde klid a dostatek soukrom\u00ed. Je to m\u00edsto, kde se m\u016f\u017eete c\u00edtit p\u0159\u00edjemn\u011b a uvoln\u011bn\u011b. M\u00edsto, kde se m\u016f\u017eete soust\u0159edit jen na sebe.<\/p>\n\n\n\n<div class=\"wp-block-columns full-width is-layout-flex wp-container-core-columns-is-layout-9d6595d7 wp-block-columns-is-layout-flex\">\n<div class=\"wp-block-column is-layout-flow wp-block-column-is-layout-flow\">\n<figure class=\"wp-block-image size-full mobile-full-width\"><img loading=\"lazy\" decoding=\"async\" width=\"642\" height=\"900\" src=\"https:\/\/petelementu.cz\/wp-content\/uploads\/2020\/09\/4.jpg\" alt=\"\" class=\"wp-image-16\" srcset=\"https:\/\/petelementu.cz\/wp-content\/uploads\/2020\/09\/4.jpg 642w, https:\/\/petelementu.cz\/wp-content\/uploads\/2020\/09\/4-214x300.jpg 214w\" sizes=\"auto, (max-width: 642px) 100vw, 642px\" \/><\/figure>\n\n\n\n<figure class=\"wp-block-image size-full\"><img loading=\"lazy\" decoding=\"async\" width=\"642\" height=\"642\" src=\"https:\/\/petelementu.cz\/wp-content\/uploads\/2020\/09\/5.jpg\" alt=\"\" class=\"wp-image-17\" srcset=\"https:\/\/petelementu.cz\/wp-content\/uploads\/2020\/09\/5.jpg 642w, https:\/\/petelementu.cz\/wp-content\/uploads\/2020\/09\/5-300x300.jpg 300w, https:\/\/petelementu.cz\/wp-content\/uploads\/2020\/09\/5-150x150.jpg 150w, https:\/\/petelementu.cz\/wp-content\/uploads\/2020\/09\/5-303x303.jpg 303w\" sizes=\"auto, (max-width: 642px) 100vw, 642px\" \/><\/figure>\n<\/div>\n\n\n\n<div class=\"wp-block-column is-layout-flow wp-block-column-is-layout-flow\">\n<figure class=\"wp-block-image size-full\"><img loading=\"lazy\" decoding=\"async\" width=\"642\" height=\"642\" src=\"https:\/\/petelementu.cz\/wp-content\/uploads\/2020\/09\/6.jpg\" alt=\"\" class=\"wp-image-18\" srcset=\"https:\/\/petelementu.cz\/wp-content\/uploads\/2020\/09\/6.jpg 642w, https:\/\/petelementu.cz\/wp-content\/uploads\/2020\/09\/6-300x300.jpg 300w, https:\/\/petelementu.cz\/wp-content\/uploads\/2020\/09\/6-150x150.jpg 150w, https:\/\/petelementu.cz\/wp-content\/uploads\/2020\/09\/6-303x303.jpg 303w\" sizes=\"auto, (max-width: 642px) 100vw, 642px\" \/><\/figure>\n\n\n\n<figure class=\"wp-block-image size-full\"><img loading=\"lazy\" decoding=\"async\" width=\"642\" height=\"900\" src=\"https:\/\/petelementu.cz\/wp-content\/uploads\/2020\/09\/7.jpg\" alt=\"\" class=\"wp-image-19\" srcset=\"https:\/\/petelementu.cz\/wp-content\/uploads\/2020\/09\/7.jpg 642w, https:\/\/petelementu.cz\/wp-content\/uploads\/2020\/09\/7-214x300.jpg 214w\" sizes=\"auto, (max-width: 642px) 100vw, 642px\" \/><\/figure>\n<\/div>\n<\/div>\n\n\n\n<h2 class=\"has-text-align-center wp-block-heading\">Procedury<\/h2>\n\n\n\n<p>\u010c\u00ednsk\u00e1 medic\u00edna je stalet\u00edmi ov\u011b\u0159en\u00fd syst\u00e9m p\u00e9\u010de o zdrav\u00ed. T\u011blo vn\u00edm\u00e1 jako celek, kde t\u011blo i du\u0161e jsou jedno, nelze je odd\u011blit. Proto i p\u0159\u00edstup k l\u00e9\u010den\u00ed je komplexn\u00ed. \u010c\u00ednsk\u00e1 medic\u00edna vyu\u017e\u00edv\u00e1 tyto metody: dietetiku, fytoterapii, ovliv\u0148ov\u00e1n\u00ed akupunkturn\u00edch drah, zdravotn\u00ed cvi\u010den\u00ed Qi Gong a pomocn\u00e9 techniky, jako je moxov\u00e1n\u00ed a ba\u0148kov\u00e1n\u00ed. Tyto postupy V\u00e1m mohu nab\u00eddnout p\u0159i spole\u010dn\u00e9 snaze o zlep\u0161en\u00ed Va\u0161eho zdrav\u00ed.<\/p>\n","protected":false},"excerpt":{"rendered":"<p>Silvia Bazalov\u00e1 Medic\u00ednu jsem si vybrala jako celo\u017eivotn\u00ed povol\u00e1n\u00ed a posl\u00e1n\u00ed. Praxe modern\u00ed medic\u00edny, konkr\u00e9tn\u011b o\u010dn\u00edho l\u00e9ka\u0159stv\u00ed mne dovedla k pozn\u00e1n\u00ed, \u017ee p\u0159i dlouhodob\u00fdch onemocn\u011bn\u00edch nesta\u010d\u00ed jen potla\u010dovat nep\u0159\u00edjemn\u00e9 p\u0159\u00edznaky, ale tak\u00e9 p\u00e1trat po hlub\u0161\u00ed p\u0159\u00ed\u010din\u011b obt\u00ed\u017e\u00ed a pom\u00e1hat t\u011blu jako celku. Jen t\u00edmto zp\u016fsobem je mo\u017eno dos\u00e1hnout celkov\u00e9ho zlep\u0161en\u00ed zdrav\u00ed a zabr\u00e1nit, aby se [&hellip;]<\/p>\n","protected":false},"author":3,"featured_media":0,"parent":0,"menu_order":0,"comment_status":"closed","ping_status":"closed","template":"","meta":{"_acf_changed":false,"footnotes":""},"class_list":["post-8","page","type-page","status-publish","hentry"],"acf":[],"_links":{"self":[{"href":"https:\/\/petelementu.cz\/index.php?rest_route=\/wp\/v2\/pages\/8","targetHints":{"allow":["GET"]}}],"collection":[{"href":"https:\/\/petelementu.cz\/index.php?rest_route=\/wp\/v2\/pages"}],"about":[{"href":"https:\/\/petelementu.cz\/index.php?rest_route=\/wp\/v2\/types\/page"}],"author":[{"embeddable":true,"href":"https:\/\/petelementu.cz\/index.php?rest_route=\/wp\/v2\/users\/3"}],"replies":[{"embeddable":true,"href":"https:\/\/petelementu.cz\/index.php?rest_route=%2Fwp%2Fv2%2Fcomments&post=8"}],"version-history":[{"count":29,"href":"https:\/\/petelementu.cz\/index.php?rest_route=\/wp\/v2\/pages\/8\/revisions"}],"predecessor-version":[{"id":411,"href":"https:\/\/petelementu.cz\/index.php?rest_route=\/wp\/v2\/pages\/8\/revisions\/411"}],"wp:attachment":[{"href":"https:\/\/petelementu.cz\/index.php?rest_route=%2Fwp%2Fv2%2Fmedia&parent=8"}],"curies":[{"name":"wp","href":"https:\/\/api.w.org\/{rel}","templated":true}]}}